{"id":157,"date":"2024-11-05T16:48:52","date_gmt":"2024-11-05T16:48:52","guid":{"rendered":"https:\/\/eva.monolit.cz\/?page_id=157"},"modified":"2024-11-05T16:48:52","modified_gmt":"2024-11-05T16:48:52","slug":"kontakty","status":"publish","type":"page","link":"https:\/\/evafilipova.cz\/?page_id=157","title":{"rendered":"Kontakty"},"content":{"rendered":"\n<div class=\"wp-block-media-text is-stacked-on-mobile is-vertically-aligned-bottom\" style=\"grid-template-columns:17% auto\"><figure class=\"wp-block-media-text__media\"><img fetchpriority=\"high\" decoding=\"async\" width=\"444\" height=\"444\" src=\"https:\/\/eva.monolit.cz\/wp-content\/uploads\/2024\/11\/eva-elegantni-2.jpg\" alt=\"\" class=\"wp-image-176 size-full\" srcset=\"https:\/\/evafilipova.cz\/wp-content\/uploads\/2024\/11\/eva-elegantni-2.jpg 444w, https:\/\/evafilipova.cz\/wp-content\/uploads\/2024\/11\/eva-elegantni-2-300x300.jpg 300w, https:\/\/evafilipova.cz\/wp-content\/uploads\/2024\/11\/eva-elegantni-2-150x150.jpg 150w, https:\/\/evafilipova.cz\/wp-content\/uploads\/2024\/11\/eva-elegantni-2-60x60.jpg 60w\" sizes=\"(max-width: 444px) 100vw, 444px\" \/><\/figure><div class=\"wp-block-media-text__content\">\n<p>P\u0159edem d\u011bkuji za kontakt a budu se t\u011b\u0161it na p\u0159\u00edpadnou spolupr\u00e1ci.<\/p>\n<\/div><\/div>\n\n\n\n<hr class=\"wp-block-separator has-text-color has-pale-pink-color has-alpha-channel-opacity has-pale-pink-background-color has-background is-style-wide\"\/>\n\n\n\n<div style=\"height:100px\" aria-hidden=\"true\" class=\"wp-block-spacer\"><\/div>\n\n\n\n<div class=\"wp-block-columns is-layout-flex wp-container-core-columns-is-layout-9d6595d7 wp-block-columns-is-layout-flex\">\n<div class=\"wp-block-column is-layout-flow wp-block-column-is-layout-flow\" style=\"flex-basis:33.33%\">\n<div class=\"wp-block-group is-nowrap is-layout-flex wp-container-core-group-is-layout-64989fb1 wp-block-group-is-layout-flex\">\n<figure class=\"wp-block-image size-full\"><img decoding=\"async\" width=\"30\" height=\"30\" src=\"https:\/\/eva.monolit.cz\/wp-content\/uploads\/2024\/11\/icon-instagram-pink-30.png\" alt=\"\" class=\"wp-image-335\"\/><\/figure>\n\n\n\n<p><a href=\"https:\/\/www.instagram.com\/eva_filipova\/\" target=\"_blank\" rel=\"noreferrer noopener\">instagram.com\/eva_filipova<\/a><\/p>\n<\/div>\n\n\n\n<div class=\"wp-block-group is-nowrap is-layout-flex wp-container-core-group-is-layout-64989fb1 wp-block-group-is-layout-flex\">\n<figure class=\"wp-block-image size-full\"><img decoding=\"async\" width=\"30\" height=\"30\" src=\"https:\/\/evafilipova.cz\/wp-content\/uploads\/2024\/11\/icon-email-pink-30.png\" alt=\"\" class=\"wp-image-313\"\/><\/figure>\n\n\n\n<p><a href=\"mailto:eva@evafilipova.cz\">eva@evafilipova.cz<\/a><\/p>\n<\/div>\n\n\n\n<div class=\"wp-block-group is-nowrap is-layout-flex wp-container-core-group-is-layout-64989fb1 wp-block-group-is-layout-flex\">\n<figure class=\"wp-block-image size-full\"><img loading=\"lazy\" decoding=\"async\" width=\"30\" height=\"30\" src=\"https:\/\/evafilipova.cz\/wp-content\/uploads\/2024\/11\/icon-facebook-pink-30.png\" alt=\"\" class=\"wp-image-289\"\/><\/figure>\n\n\n\n<p><a href=\"https:\/\/www.facebook.com\/eva.filipova.94\" target=\"_blank\" rel=\"noreferrer noopener\">facebook.com\/eva.filipova.94<\/a><\/p>\n<\/div>\n<\/div>\n\n\n\n<div class=\"wp-block-column is-layout-flow wp-block-column-is-layout-flow\" style=\"flex-basis:66.66%\">\n<p>KONTAKTN\u00cd FORMUL\u00c1\u0158<\/p>\n\n\n\n<div class=\"wp-block-contact-form-7-contact-form-selector\">\n<div class=\"wpcf7 no-js\" id=\"wpcf7-f52-o1\" lang=\"cs-CZ\" dir=\"ltr\" data-wpcf7-id=\"52\">\n<div class=\"screen-reader-response\"><p role=\"status\" aria-live=\"polite\" aria-atomic=\"true\"><\/p> <ul><\/ul><\/div>\n<form action=\"\/index.php?rest_route=%2Fwp%2Fv2%2Fpages%2F157#wpcf7-f52-o1\" method=\"post\" class=\"wpcf7-form init\" aria-label=\"Kontaktn\u00ed formul\u00e1\u0159\" novalidate=\"novalidate\" data-status=\"init\">\n<div style=\"display: none;\">\n<input type=\"hidden\" name=\"_wpcf7\" value=\"52\" \/>\n<input type=\"hidden\" name=\"_wpcf7_version\" value=\"6.0.1\" \/>\n<input type=\"hidden\" name=\"_wpcf7_locale\" value=\"cs_CZ\" \/>\n<input type=\"hidden\" name=\"_wpcf7_unit_tag\" value=\"wpcf7-f52-o1\" \/>\n<input type=\"hidden\" name=\"_wpcf7_container_post\" value=\"0\" \/>\n<input type=\"hidden\" name=\"_wpcf7_posted_data_hash\" value=\"\" \/>\n<\/div>\n<p><label> Va\u0161e jm\u00e9no<br \/>\n<span class=\"wpcf7-form-control-wrap\" data-name=\"your-name\"><input size=\"40\" maxlength=\"400\" class=\"wpcf7-form-control wpcf7-text wpcf7-validates-as-required\" autocomplete=\"name\" aria-required=\"true\" aria-invalid=\"false\" value=\"\" type=\"text\" name=\"your-name\" \/><\/span> <\/label>\n<\/p>\n<p><label> V\u00e1\u0161 e-mail<br \/>\n<span class=\"wpcf7-form-control-wrap\" data-name=\"your-email\"><input size=\"40\" maxlength=\"400\" class=\"wpcf7-form-control wpcf7-email wpcf7-validates-as-required wpcf7-text wpcf7-validates-as-email\" autocomplete=\"email\" aria-required=\"true\" aria-invalid=\"false\" value=\"\" type=\"email\" name=\"your-email\" \/><\/span> <\/label>\n<\/p>\n<p><label> Va\u0161e zpr\u00e1va<br \/>\n<span class=\"wpcf7-form-control-wrap\" data-name=\"your-message\"><textarea cols=\"40\" rows=\"10\" maxlength=\"2000\" class=\"wpcf7-form-control wpcf7-textarea\" aria-invalid=\"false\" name=\"your-message\"><\/textarea><\/span> <\/label>\n<\/p>\n<p><input class=\"wpcf7-form-control wpcf7-submit has-spinner\" type=\"submit\" value=\"Odeslat\" \/>\n<\/p><div class=\"wpcf7-response-output\" aria-hidden=\"true\"><\/div>\n<\/form>\n<\/div>\n<\/div>\n<\/div>\n<\/div>\n","protected":false},"excerpt":{"rendered":"<p>P\u0159edem d\u011bkuji za kontakt a budu se t\u011b\u0161it na p\u0159\u00edpadnou spolupr\u00e1ci. instagram.com\/eva_filipova eva@evafilipova.cz facebook.com\/eva.filipova.94 KONTAKTN\u00cd FORMUL\u00c1\u0158<\/p>\n","protected":false},"author":2,"featured_media":0,"parent":0,"menu_order":0,"comment_status":"closed","ping_status":"closed","template":"","meta":{"footnotes":""},"class_list":["post-157","page","type-page","status-publish","hentry","latest_post"],"_links":{"self":[{"href":"https:\/\/evafilipova.cz\/index.php?rest_route=\/wp\/v2\/pages\/157","targetHints":{"allow":["GET"]}}],"collection":[{"href":"https:\/\/evafilipova.cz\/index.php?rest_route=\/wp\/v2\/pages"}],"about":[{"href":"https:\/\/evafilipova.cz\/index.php?rest_route=\/wp\/v2\/types\/page"}],"author":[{"embeddable":true,"href":"https:\/\/evafilipova.cz\/index.php?rest_route=\/wp\/v2\/users\/2"}],"replies":[{"embeddable":true,"href":"https:\/\/evafilipova.cz\/index.php?rest_route=%2Fwp%2Fv2%2Fcomments&post=157"}],"version-history":[{"count":0,"href":"https:\/\/evafilipova.cz\/index.php?rest_route=\/wp\/v2\/pages\/157\/revisions"}],"wp:attachment":[{"href":"https:\/\/evafilipova.cz\/index.php?rest_route=%2Fwp%2Fv2%2Fmedia&parent=157"}],"curies":[{"name":"wp","href":"https:\/\/api.w.org\/{rel}","templated":true}]}}