{"id":24,"date":"2024-11-04T16:31:38","date_gmt":"2024-11-04T16:31:38","guid":{"rendered":"https:\/\/eva.monolit.cz\/?page_id=24"},"modified":"2024-12-10T01:56:32","modified_gmt":"2024-12-10T01:56:32","slug":"seminare-kurzy-konzultace","status":"publish","type":"page","link":"https:\/\/evafilipova.cz\/?page_id=24","title":{"rendered":"Semin\u00e1\u0159e, kurzy, konzultace"},"content":{"rendered":"<div class=\"wp-block-image\">\n<figure class=\"alignleft size-full is-resized\"><img fetchpriority=\"high\" decoding=\"async\" width=\"346\" height=\"550\" src=\"https:\/\/evafilipova.cz\/wp-content\/uploads\/2024\/11\/moderni-etiketa-boduje.jpg\" alt=\"\" class=\"wp-image-183\" style=\"width:231px;height:auto\" srcset=\"https:\/\/evafilipova.cz\/wp-content\/uploads\/2024\/11\/moderni-etiketa-boduje.jpg 346w, https:\/\/evafilipova.cz\/wp-content\/uploads\/2024\/11\/moderni-etiketa-boduje-189x300.jpg 189w, https:\/\/evafilipova.cz\/wp-content\/uploads\/2024\/11\/moderni-etiketa-boduje-38x60.jpg 38w\" sizes=\"(max-width: 346px) 100vw, 346px\" \/><\/figure>\n<\/div>\n\n\n<p><strong>Eva Filipov\u00e1<\/strong>, autorka knih o etiket\u011b a autorka kucha\u0159ek s\u00e1z\u00ed na \u0161arm, vtip a dobrou n\u00e1ladu. Db\u00e1t o sebe, udr\u017eovat si mladistv\u00fd vzhled, u\u017e\u00edvat si, cestovat, zvolit si pohyb, co bav\u00ed, zdrav\u011b a chyt\u0159e j\u00edst, obklopovat se jen p\u0159\u00edjemn\u00fdmi lidmi . A vyu\u017e\u00edt jedine\u010dn\u00e9 kouzlo zvan\u00e9 osobnost. Zvolit \u00fasm\u011bv jako \u017eivotn\u00ed postoj. M\u016f\u017eete se nau\u010dit rozmazlovat se&#8230;&nbsp; <\/p>\n\n\n\n<p>Eva Filipov\u00e1 absolvovala studium na Mezin\u00e1rodn\u00ed \u0161kole pro estetiku v New Yorku.<\/p>\n\n\n\n<p>Je \u010dlenkou redak\u010dn\u00ed rady \u010dasopisu <strong>Na\u0161e rodina<\/strong>, <strong><a href=\"http:\/\/www.stylenew.cz\/\" target=\"_blank\" rel=\"noreferrer noopener\">STYLEnew<\/a><\/strong> a autorkou t\u0159in\u00e1cti knih, z nich\u017e mnoh\u00e9 se staly bestsellery.&nbsp;<\/p>\n\n\n\n<p><strong>Motto:<\/strong><\/p>\n\n\n\n<p>Nen\u00ed d\u016fle\u017eit\u00e9, co prod\u00e1v\u00e1te, nejd\u016fle\u017eit\u011bj\u0161\u00ed je, jak se prod\u00e1v\u00e1te.<br>Co v\u0161echno by m\u011bla zn\u00e1t \u00fasp\u011b\u0161n\u00e1 \u017eena a \u00fasp\u011b\u0161n\u00fd mu\u017e? Jak byste si m\u011bli poradit v situac\u00edch, s nimi\u017e se denn\u011b setk\u00e1v\u00e1te? Co je pot\u0159eba zn\u00e1t, pokud se chcete posunout d\u00e1le na spole\u010densk\u00e9 \u017eeb\u0159\u00ed\u010dku nebo si chcete zv\u00fd\u0161it sebev\u011bdom\u00ed?<br>Naj\u00edt spr\u00e1vnou m\u00edru vn\u011bj\u0161\u00edch forem spole\u010densk\u00e9ho chov\u00e1n\u00ed.<br>Zdrav\u00e1 sebeprezentace, se kterou jsou spojeny pocity schopnosti a vlastn\u00ed ceny, je nezbytn\u00e1 pro vytvo\u0159en\u00ed pozitivn\u00edho dojmu na druh\u00e9.<\/p>\n\n\n\n<p>Znalost spole\u010densk\u00fdch pravidel ovliv\u0148uje zp\u016fsob komunikace.<\/p>\n\n\n\n<div style=\"height:70px\" aria-hidden=\"true\" class=\"wp-block-spacer\"><\/div>\n\n\n\n<p><strong>MO\u017dNOSTI SPOLUPR\u00c1CE:<\/strong><\/p>\n\n\n\n<ul class=\"wp-block-list\">\n<li><strong>KURZY PRO V\u00cdCE OSOB &#8211; trv\u00e1n\u00ed 3 hod.<\/strong><\/li>\n\n\n\n<li><strong>SOUKROM\u00c9 KURZY, KONZULTACE &#8211; 1,5 hod &#8211; 3 hod.<\/strong><\/li>\n\n\n\n<li><strong>SEMIN\u00c1\u0158E &#8211; dle dohody<\/strong><\/li>\n\n\n\n<li><strong>\u00da\u010cINKOV\u00c1N\u00cd NA SPOLE\u010cENSK\u00ddCH AKC\u00cdCH &#8211; dle dohody<\/strong><\/li>\n\n\n\n<li><strong>MODEROV\u00c1N\u00cd &#8211; dle dohody<\/strong><\/li>\n<\/ul>\n\n\n\n<p>V p\u0159\u00edpad\u011b z\u00e1jmu o spolupr\u00e1ci m\u011b kontaktujte p\u0159es n\u011bkter\u00fd z <a href=\"?page_id=157\" data-type=\"page\" data-id=\"157\">kontakt\u016f<\/a>.<\/p>\n","protected":false},"excerpt":{"rendered":"<p>Eva Filipov\u00e1, autorka knih o etiket\u011b a autorka kucha\u0159ek s\u00e1z\u00ed na \u0161arm, vtip a dobrou n\u00e1ladu. Db\u00e1t o sebe, udr\u017eovat si mladistv\u00fd vzhled, u\u017e\u00edvat si, &hellip; <\/p>\n","protected":false},"author":2,"featured_media":0,"parent":0,"menu_order":0,"comment_status":"closed","ping_status":"closed","template":"","meta":{"footnotes":""},"class_list":["post-24","page","type-page","status-publish","hentry","latest_post"],"_links":{"self":[{"href":"https:\/\/evafilipova.cz\/index.php?rest_route=\/wp\/v2\/pages\/24","targetHints":{"allow":["GET"]}}],"collection":[{"href":"https:\/\/evafilipova.cz\/index.php?rest_route=\/wp\/v2\/pages"}],"about":[{"href":"https:\/\/evafilipova.cz\/index.php?rest_route=\/wp\/v2\/types\/page"}],"author":[{"embeddable":true,"href":"https:\/\/evafilipova.cz\/index.php?rest_route=\/wp\/v2\/users\/2"}],"replies":[{"embeddable":true,"href":"https:\/\/evafilipova.cz\/index.php?rest_route=%2Fwp%2Fv2%2Fcomments&post=24"}],"version-history":[{"count":2,"href":"https:\/\/evafilipova.cz\/index.php?rest_route=\/wp\/v2\/pages\/24\/revisions"}],"predecessor-version":[{"id":656,"href":"https:\/\/evafilipova.cz\/index.php?rest_route=\/wp\/v2\/pages\/24\/revisions\/656"}],"wp:attachment":[{"href":"https:\/\/evafilipova.cz\/index.php?rest_route=%2Fwp%2Fv2%2Fmedia&parent=24"}],"curies":[{"name":"wp","href":"https:\/\/api.w.org\/{rel}","templated":true}]}}