{"id":7,"date":"2024-11-04T16:01:10","date_gmt":"2024-11-04T16:01:10","guid":{"rendered":"https:\/\/eva.monolit.cz\/?page_id=7"},"modified":"2024-12-10T01:47:17","modified_gmt":"2024-12-10T01:47:17","slug":"domu","status":"publish","type":"page","link":"https:\/\/evafilipova.cz\/","title":{"rendered":"\u00davod"},"content":{"rendered":"\t\t<div data-elementor-type=\"wp-page\" data-elementor-id=\"7\" class=\"elementor elementor-7\">\n\t\t\t\t<div class=\"elementor-element elementor-element-e58bb2b e-flex e-con-boxed e-con e-parent\" data-id=\"e58bb2b\" data-element_type=\"container\">\n\t\t\t\t\t<div class=\"e-con-inner\">\n\t\t\t\t<div class=\"elementor-element elementor-element-57a138e1 elementor-widget elementor-widget-text-editor\" data-id=\"57a138e1\" data-element_type=\"widget\" data-widget_type=\"text-editor.default\">\n\t\t\t\t<div class=\"elementor-widget-container\">\n\t\t\t\t\t\t\t<p><!-- wp:paragraph --><\/p>\n<p><strong>Eva Filipov\u00e1<\/strong>&nbsp;&#8211; autorka publikac\u00ed v oblasti spole\u010densk\u00e9 etikety, gastronomie, \u010dlenka redak\u010dn\u00ed rady \u010dasopisu&nbsp;<strong>Prestige,<\/strong>&nbsp;<strong><a href=\"http:\/\/www.stylenew.cz\/\" target=\"_blank\" rel=\"noreferrer noopener\">STYLEnew<\/a> a Na\u0161e rodina, lektorka kurz\u016f &#8222;Modern\u00ed etiketa&#8220;.<\/strong><\/p>\n<p><!-- \/wp:paragraph --><!-- wp:paragraph --><\/p>\n<p>Po roce 1991 byla jednou z prvn\u00edch, kter\u00e1 za\u010dala s programem \u00fasp\u011b\u0161n\u00fdch kurz\u016f pro \u017eeny. Absolvovala studium na&nbsp;<strong>Mezin\u00e1rodn\u00ed \u0161kole pro estetiku v New Yorku<\/strong>.<\/p>\n<p><!-- \/wp:paragraph --><!-- wp:paragraph --><\/p>\n<p>Publikovala sv\u00e9 \u010dl\u00e1nky o j\u00eddle v t\u00fdden\u00edku&nbsp;<strong>INSTINKT<\/strong>&nbsp;a je \u010dlenkou gastronomick\u00e9 sekce&nbsp;<strong>Asociace hotel\u016f a restaurac\u00ed<\/strong>. \u00da\u010dastnila se mnoha konferenc\u00ed o modern\u00edch trendech hotelov\u00e9ho prost\u0159ed\u00ed, gastronomie a etiket\u011b chov\u00e1n\u00ed pracovn\u00edk\u016f v hotelov\u00e9m businessu v Chicagu, Pa\u0159\u00ed\u017ei, Lond\u00fdn\u011b, Berl\u00edn\u011b, Krakov\u011b, Bruneji a dal\u0161\u00edch zem\u00edch.&nbsp;<\/p>\n<p><!-- \/wp:paragraph --><!-- wp:paragraph --><\/p>\n<p>Dlouhodob\u00fd, mimo\u0159\u00e1dn\u00fd z\u00e1jem o gastronomii a znalost prost\u0159ed\u00ed ji p\u0159ivedl k naps\u00e1n\u00ed knih&nbsp;<strong>Excellent menu<\/strong>,&nbsp;<strong>\u010cesk\u00e1 kuchyn\u011b v modern\u00edm pojet\u00ed, Znovuobjeven\u00e9 recepty, Instinkt v kuchyni.<\/strong>&nbsp;<strong>S Evou v r\u00e1ji<\/strong>, kniha, za kterou z\u00edskala v roce 2014 ocen\u011bn\u00ed &#8211; t\u0159et\u00ed m\u00edsto v sout\u011b\u017ei Zlat\u00fd hrozen &#8211; nejlep\u0161\u00ed gastronomick\u00e1 kniha roku. Kniha&nbsp;<strong>Czech cuisine a modern approach<\/strong>&nbsp;dos\u00e1hla jako jedin\u00e1 \u010desk\u00e1 kniha o gastronomii velk\u00e9ho uzn\u00e1n\u00ed v NYC. Je spoluautorkou&nbsp;<strong>Zlat\u00e9 kucha\u0159ky a knihy Jezte chyt\u0159e.<\/strong><\/p>\n<p><!-- \/wp:paragraph --><!-- wp:paragraph --><\/p>\n<p>Pro televizi&nbsp;<strong>Prima&nbsp;<\/strong>byla v po\u0159adu&nbsp;<strong>Na no\u017ee&nbsp;<\/strong>porotkyn\u00ed spolu se Zde\u0148kem Pohlreichem a Romanem Va\u0148kem.<\/p>\n<p><!-- \/wp:paragraph --><!-- wp:paragraph --><\/p>\n<p>\u00dasp\u011b\u0161n\u00e1 a st\u00e1le aktu\u00e1ln\u00ed je autorsk\u00e1 publikace v oblasti z\u00e1sad spole\u010densk\u00e9ho chov\u00e1n\u00ed s n\u00e1zvem&nbsp;<strong>Spole\u010densk\u00e1 n\u00e1pov\u011bda<\/strong>. Jej\u00ed kniha o spole\u010densk\u00e9m chov\u00e1n\u00ed&nbsp;<strong>V kout\u011b \u0161t\u011bst\u00ed nehledej<\/strong>&nbsp;<strong>-spole\u010densk\u00e1 pravidla jsou v m\u00f3d\u011b<\/strong>&nbsp;se stala bestsellerem.&nbsp;<\/p>\n<p><!-- \/wp:paragraph --><!-- wp:paragraph --><\/p>\n<p>Dal\u0161\u00ed kniha&nbsp;<strong>Modern\u00ed etiketa<\/strong>&nbsp;boduje a m\u00e1 v\u00fdborn\u00e9 ohlasy u \u010dten\u00e1\u0159\u016f, prodejn\u011b je st\u00e1le velmi \u00fasp\u011b\u0161n\u00e1 . Dal\u0161\u00ed kniha&nbsp;<strong>Etiketa se \u0161armem<\/strong>&nbsp;je o posledn\u00edch trendech sou\u010dasn\u00e9 etikety. Posledn\u00edm po\u010dinem je kniha&nbsp;<strong>Ne\u0159e\u0161 vr\u00e1sky, h\u00fd\u010dkej l\u00e1sky,<\/strong>&nbsp;kde se autorka zam\u00fd\u0161l\u00ed nad t\u00edm, \u017ee \u010das se ned\u00e1 zastavit, a co d\u011blat, kdy\u017e v\u00e1m u\u017e nen\u00ed t\u0159icet let, ani \u010dty\u0159icet.. a sem tam p\u0159ibyde vr\u00e1ska. S\u00e1z\u00ed na \u0161arm, vtip a dobrou n\u00e1ladu.<\/p>\n<p><!-- \/wp:paragraph --><!-- wp:paragraph --><\/p>\n<p>Svoje pravideln\u00e9 sloupky o spole\u010densk\u00e9m chov\u00e1n\u00ed publikovala Eva Filipov\u00e1 ji\u017e v den\u00edku&nbsp;<strong>Telegraf<\/strong>. V \u010dasopisech&nbsp;<strong>Patriot , Katka<\/strong>&nbsp;apod. Byla lektorkou spole\u010densk\u00e9ho chov\u00e1n\u00ed pro <strong>1. ro\u010dn\u00edk Miss \u010desk\u00e9 republiky Michaely Mal\u00e1\u010dov\u00e9<\/strong>.&nbsp;<\/p>\n<p><!-- \/wp:paragraph --><!-- wp:paragraph --><\/p>\n<p>Pro televizi Noe nato\u010dila 12 d\u00edl\u016f o spole\u010densk\u00e9m chov\u00e1n\u00ed pro po\u0159ad&nbsp;<strong>V posteli pod nebesy<\/strong>. V po\u0159adu&nbsp;<strong>Sama doma<\/strong>&nbsp;v roce 2014 m\u011bla seri\u00e1l o spole\u010densk\u00e9m chov\u00e1n\u00ed. Je vyhled\u00e1van\u00fdm lektorem spole\u010densk\u00e9ho chov\u00e1n\u00ed.<\/p>\n<p><!-- \/wp:paragraph --><!-- wp:paragraph {\"placeholder\":\"Text\u2026\"} --><\/p>\n<p>V sou\u010dasn\u00e9 dob\u011b je z\u00e1stupkyn\u00ed \u0161\u00e9fredaktora online magaz\u00ednu&nbsp;<a href=\"http:\/\/www.stylenew.cz\/\" target=\"_blank\" rel=\"noreferrer noopener\">STYLEnew<\/a>&nbsp;a b\u00fdvalou \u010dlenkou redak\u010dn\u00ed rady m\u011bs\u00ed\u010dn\u00edku&nbsp;<strong>Na\u0161e rodina.&nbsp;<\/strong><\/p>\n<p><!-- \/wp:paragraph --><!-- wp:paragraph {\"placeholder\":\"Text\u2026\"} --><\/p>\n<p>Psala tak\u00e9 pravideln\u00e9 sloupky o j\u00eddle &#8222;Tipy Evy Filipov\u00e9&#8220; pro&nbsp;<strong>Lidov\u00e9 noviny a m\u011bs\u00ed\u010dn\u00edk Na\u0161e rodina.<\/strong><\/p>\n<p><!-- \/wp:paragraph --><!-- wp:separator --><\/p>\n<hr class=\"wp-block-separator has-alpha-channel-opacity\">\n<p><!-- \/wp:separator --><!-- wp:paragraph {\"placeholder\":\"Text\u2026\"} --><\/p>\n<p>V p\u0159\u00edpad\u011b z\u00e1jmu o spolupr\u00e1ci m\u011b kontaktujte p\u0159es n\u011bkter\u00fd z <a href=\"?page_id=157\" data-type=\"page\" data-id=\"157\">kontakt\u016f<\/a>.<\/p>\n<p><!-- \/wp:paragraph --><!-- wp:paragraph --><\/p>\n<p><!-- \/wp:paragraph --><\/p>\t\t\t\t\t\t<\/div>\n\t\t\t\t<\/div>\n\t\t\t\t\t<\/div>\n\t\t\t\t<\/div>\n\t\t\t\t<\/div>\n\t\t","protected":false},"excerpt":{"rendered":"<p>Eva Filipov\u00e1&nbsp;&#8211; autorka publikac\u00ed v oblasti spole\u010densk\u00e9 etikety, gastronomie, \u010dlenka redak\u010dn\u00ed rady \u010dasopisu&nbsp;Prestige,&nbsp;STYLEnew a Na\u0161e rodina, lektorka kurz\u016f &#8222;Modern\u00ed etiketa&#8220;. Po roce 1991 byla jednou &hellip; <\/p>\n","protected":false},"author":2,"featured_media":34,"parent":0,"menu_order":0,"comment_status":"closed","ping_status":"closed","template":"","meta":{"footnotes":""},"class_list":["post-7","page","type-page","status-publish","has-post-thumbnail","hentry","latest_post"],"_links":{"self":[{"href":"https:\/\/evafilipova.cz\/index.php?rest_route=\/wp\/v2\/pages\/7","targetHints":{"allow":["GET"]}}],"collection":[{"href":"https:\/\/evafilipova.cz\/index.php?rest_route=\/wp\/v2\/pages"}],"about":[{"href":"https:\/\/evafilipova.cz\/index.php?rest_route=\/wp\/v2\/types\/page"}],"author":[{"embeddable":true,"href":"https:\/\/evafilipova.cz\/index.php?rest_route=\/wp\/v2\/users\/2"}],"replies":[{"embeddable":true,"href":"https:\/\/evafilipova.cz\/index.php?rest_route=%2Fwp%2Fv2%2Fcomments&post=7"}],"version-history":[{"count":16,"href":"https:\/\/evafilipova.cz\/index.php?rest_route=\/wp\/v2\/pages\/7\/revisions"}],"predecessor-version":[{"id":654,"href":"https:\/\/evafilipova.cz\/index.php?rest_route=\/wp\/v2\/pages\/7\/revisions\/654"}],"wp:featuredmedia":[{"embeddable":true,"href":"https:\/\/evafilipova.cz\/index.php?rest_route=\/wp\/v2\/media\/34"}],"wp:attachment":[{"href":"https:\/\/evafilipova.cz\/index.php?rest_route=%2Fwp%2Fv2%2Fmedia&parent=7"}],"curies":[{"name":"wp","href":"https:\/\/api.w.org\/{rel}","templated":true}]}}